{"id":10,"date":"2022-02-03T03:07:21","date_gmt":"2022-02-03T03:07:21","guid":{"rendered":"https:\/\/clinicaveterinariabogota.co\/?page_id=10"},"modified":"2024-07-23T19:11:19","modified_gmt":"2024-07-24T00:11:19","slug":"inicio","status":"publish","type":"page","link":"https:\/\/clinicaveterinariabogota.co\/","title":{"rendered":"Inicio"},"content":{"rendered":"<p>[et_pb_section fb_built=\u00bb1&#8243; admin_label=\u00bbHeader\u00bb _builder_version=\u00bb4.25.1&#8243; _module_preset=\u00bbdefault\u00bb background_color=\u00bb#f5f5f5&#8243; custom_margin=\u00bb-42px||||false|false\u00bb custom_padding=\u00bb||32px||false|false\u00bb background_last_edited=\u00bboff|desktop\u00bb background_color_gradient_stops_tablet=\u00bb#2b87da 0%|#29c4a9 0%\u00bb background_color_gradient_start_position_tablet=\u00bb0%\u00bb background_color_gradient_end_position_tablet=\u00bb0%\u00bb box_shadow_style=\u00bbpreset7&#8243; box_shadow_horizontal=\u00bb0px\u00bb box_shadow_vertical=\u00bb10vw\u00bb box_shadow_color=\u00bb#ffffff\u00bb box_shadow_color_tablet=\u00bbrgba(0,0,0,0)\u00bb box_shadow_color_phone=\u00bb\u00bb box_shadow_color_last_edited=\u00bbon|tablet\u00bb global_colors_info=\u00bb{}\u00bb][et_pb_row column_structure=\u00bb1_2,1_2&#8243; make_equal=\u00bbon\u00bb _builder_version=\u00bb4.25.1&#8243; _module_preset=\u00bbdefault\u00bb custom_padding=\u00bb||0px||false|false\u00bb hover_enabled=\u00bb0&#8243; global_colors_info=\u00bb{}\u00bb sticky_enabled=\u00bb0&#8243;][et_pb_column type=\u00bb1_2&#8243; _builder_version=\u00bb4.16&#8243; _module_preset=\u00bbdefault\u00bb custom_padding=\u00bb8vw||||false|false\u00bb custom_padding_tablet=\u00bb0vw||||false|false\u00bb custom_padding_phone=\u00bb||||false|false\u00bb custom_padding_last_edited=\u00bbon|phone\u00bb global_colors_info=\u00bb{}\u00bb][et_pb_text _builder_version=\u00bb4.17.3&#8243; _module_preset=\u00bbdefault\u00bb header_font=\u00bbPatua One||||||||\u00bb header_font_size=\u00bb80px\u00bb header_line_height=\u00bb1.2em\u00bb header_font_size_tablet=\u00bb48px\u00bb header_font_size_phone=\u00bb32px\u00bb header_font_size_last_edited=\u00bbon|phone\u00bb locked=\u00bboff\u00bb global_colors_info=\u00bb{}\u00bb]<\/p>\n<h1>Cl\u00ednica Veterinaria Bogot\u00e1<\/h1>\n<p>[\/et_pb_text][et_pb_text _builder_version=\u00bb4.17.3&#8243; _module_preset=\u00bbdefault\u00bb text_font_size=\u00bb18px\u00bb text_line_height=\u00bb1.8em\u00bb custom_margin=\u00bb30px|||||\u00bb text_font_size_tablet=\u00bb16px\u00bb text_font_size_phone=\u00bb14px\u00bb text_font_size_last_edited=\u00bbon|phone\u00bb locked=\u00bboff\u00bb global_colors_info=\u00bb{}\u00bb]<\/p>\n<div dir=\"auto\">Desde hace 20 a\u00f1os nos hemos dedicado<\/div>\n<div dir=\"auto\">a cuidar a las mascotas. Previniendo, tratando y curando las enfermedades, mejorando su calidad de vida y proporcionando bienestar a sus propietarios.<\/div>\n<p>[\/et_pb_text][\/et_pb_column][et_pb_column type=\u00bb1_2&#8243; _builder_version=\u00bb4.25.1&#8243; _module_preset=\u00bbdefault\u00bb background_image=\u00bbhttps:\/\/clinicaveterinariabogota.co\/wp-content\/uploads\/2024\/07\/Diseno-sin-titulo-8.jpg\u00bb hover_enabled=\u00bb0&#8243; border_radii=\u00bbon|10px|10px|10px|10px\u00bb box_shadow_style=\u00bbpreset3&#8243; box_shadow_vertical=\u00bb48px\u00bb box_shadow_blur=\u00bb120px\u00bb box_shadow_spread=\u00bb-16px\u00bb global_colors_info=\u00bb{}\u00bb sticky_enabled=\u00bb0&#8243; title_text=\u00bbDise\u00f1o sin t\u00edtulo (8)\u00bb][et_pb_divider show_divider=\u00bboff\u00bb _builder_version=\u00bb4.16&#8243; _module_preset=\u00bbdefault\u00bb min_height_tablet=\u00bb60vw\u00bb min_height_phone=\u00bb60vw\u00bb min_height_last_edited=\u00bbon|phone\u00bb global_colors_info=\u00bb{}\u00bb][\/et_pb_divider][\/et_pb_column][\/et_pb_row][\/et_pb_section][et_pb_section fb_built=\u00bb1&#8243; admin_label=\u00bbServices\u00bb _builder_version=\u00bb4.16&#8243; _module_preset=\u00bbdefault\u00bb custom_padding=\u00bb27px|||||\u00bb global_colors_info=\u00bb{}\u00bb][et_pb_row _builder_version=\u00bb4.25.1&#8243; _module_preset=\u00bbdefault\u00bb width=\u00bb90%\u00bb max_width=\u00bb90%\u00bb custom_padding=\u00bb15px||17px|||\u00bb global_colors_info=\u00bb{}\u00bb][et_pb_column type=\u00bb4_4&#8243; _builder_version=\u00bb4.25.1&#8243; _module_preset=\u00bbdefault\u00bb global_colors_info=\u00bb{}\u00bb][et_pb_text _builder_version=\u00bb4.25.1&#8243; _module_preset=\u00bbdefault\u00bb header_font=\u00bbPatua One||||||||\u00bb header_font_size=\u00bb80px\u00bb header_line_height=\u00bb1.2em\u00bb header_font_size_tablet=\u00bb48px\u00bb header_font_size_phone=\u00bb32px\u00bb header_font_size_last_edited=\u00bbon|phone\u00bb locked=\u00bboff\u00bb global_colors_info=\u00bb{}\u00bb]<\/p>\n<h1>Nuestros Servicios<\/h1>\n<p>[\/et_pb_text][\/et_pb_column][\/et_pb_row][et_pb_row column_structure=\u00bb1_5,1_5,1_5,1_5,1_5&#8243; use_custom_gutter=\u00bbon\u00bb gutter_width=\u00bb2&#8243; module_class=\u00bbdoscolumnas\u00bb _builder_version=\u00bb4.25.1&#8243; _module_preset=\u00bbdefault\u00bb width=\u00bb90%\u00bb max_width=\u00bb90%\u00bb min_height=\u00bb201.5px\u00bb custom_padding=\u00bb||||false|false\u00bb locked=\u00bboff\u00bb global_colors_info=\u00bb{}\u00bb][et_pb_column type=\u00bb1_5&#8243; _builder_version=\u00bb4.25.1&#8243; _module_preset=\u00bbdefault\u00bb custom_css_main_element=\u00bbdisplay: inline-block;||max-width:50%;\u00bb global_colors_info=\u00bb{}\u00bb][et_pb_blurb title=\u00bbConsulta\u00bb use_icon=\u00bbon\u00bb font_icon=\u00bb&#xf1b0;||fa||900&#8243; icon_placement=\u00bbleft\u00bb image_icon_width=\u00bb50px\u00bb content_max_width=\u00bb100%\u00bb _builder_version=\u00bb4.25.1&#8243; _module_preset=\u00bbdefault\u00bb header_font=\u00bbPatua One||||||||\u00bb header_font_size=\u00bb20px\u00bb header_line_height=\u00bb1.2em\u00bb body_line_height=\u00bb1.8em\u00bb animation=\u00bboff\u00bb header_font_size_tablet=\u00bb20px\u00bb header_font_size_phone=\u00bb18px\u00bb header_font_size_last_edited=\u00bbon|desktop\u00bb locked=\u00bboff\u00bb global_colors_info=\u00bb{}\u00bb]<\/p>\n<p>\ud83e\ude7a Evaluaci\u00f3n completa de tu mascota por veterinarios expertos. \ud83d\udc3e<\/p>\n<p>[\/et_pb_blurb][\/et_pb_column][et_pb_column type=\u00bb1_5&#8243; _builder_version=\u00bb4.25.1&#8243; _module_preset=\u00bbdefault\u00bb custom_css_main_element=\u00bbdisplay: inline-block;||max-width:50%;\u00bb global_colors_info=\u00bb{}\u00bb][et_pb_blurb title=\u00bbHospitalizaci\u00f3n\u00bb use_icon=\u00bbon\u00bb font_icon=\u00bb&#xf0f1;||fa||900&#8243; icon_placement=\u00bbleft\u00bb image_icon_width=\u00bb50px\u00bb content_max_width=\u00bb100%\u00bb _builder_version=\u00bb4.25.1&#8243; _module_preset=\u00bbdefault\u00bb header_font=\u00bbPatua One||||||||\u00bb header_font_size=\u00bb20px\u00bb header_line_height=\u00bb1.2em\u00bb body_line_height=\u00bb1.8em\u00bb animation=\u00bboff\u00bb header_font_size_tablet=\u00bb20px\u00bb header_font_size_phone=\u00bb18px\u00bb header_font_size_last_edited=\u00bbon|desktop\u00bb global_colors_info=\u00bb{}\u00bb]<\/p>\n<p>\ud83c\udfe5 Cuidado integral y monitoreo constante para tu mascota. \ud83d\udc36\ud83d\udc31<\/p>\n<p>[\/et_pb_blurb][\/et_pb_column][et_pb_column type=\u00bb1_5&#8243; _builder_version=\u00bb4.25.1&#8243; _module_preset=\u00bbdefault\u00bb custom_css_main_element=\u00bbdisplay: inline-block;||max-width:50%;\u00bb global_colors_info=\u00bb{}\u00bb][et_pb_blurb title=\u00bbUCI\u00bb use_icon=\u00bbon\u00bb font_icon=\u00bb&#xe05c;||fa||900&#8243; icon_placement=\u00bbleft\u00bb image_icon_width=\u00bb50px\u00bb content_max_width=\u00bb100%\u00bb _builder_version=\u00bb4.25.1&#8243; _module_preset=\u00bbdefault\u00bb header_font=\u00bbPatua One||||||||\u00bb header_font_size=\u00bb20px\u00bb header_line_height=\u00bb1.2em\u00bb body_line_height=\u00bb1.8em\u00bb animation=\u00bboff\u00bb header_font_size_tablet=\u00bb20px\u00bb header_font_size_phone=\u00bb18px\u00bb header_font_size_last_edited=\u00bbon|desktop\u00bb locked=\u00bboff\u00bb global_colors_info=\u00bb{}\u00bb]<\/p>\n<p>\ud83d\ude91 Atenci\u00f3n intensiva y cuidados especializados para casos cr\u00edticos. \ud83d\udc3e<\/p>\n<p>&nbsp;<\/p>\n<p>[\/et_pb_blurb][\/et_pb_column][et_pb_column type=\u00bb1_5&#8243; _builder_version=\u00bb4.25.1&#8243; _module_preset=\u00bbdefault\u00bb custom_css_main_element=\u00bbdisplay: inline-block;||max-width:50%;\u00bb global_colors_info=\u00bb{}\u00bb][et_pb_blurb title=\u00bbLaboratorio Cl\u00ednico\u00bb use_icon=\u00bbon\u00bb font_icon=\u00bb&#xf493;||fa||900&#8243; icon_placement=\u00bbleft\u00bb image_icon_width=\u00bb50px\u00bb content_max_width=\u00bb100%\u00bb _builder_version=\u00bb4.25.1&#8243; _module_preset=\u00bbdefault\u00bb header_font=\u00bbPatua One||||||||\u00bb header_font_size=\u00bb20px\u00bb header_line_height=\u00bb1.2em\u00bb body_line_height=\u00bb1.8em\u00bb animation=\u00bboff\u00bb header_font_size_tablet=\u00bb20px\u00bb header_font_size_phone=\u00bb18px\u00bb header_font_size_last_edited=\u00bbon|desktop\u00bb locked=\u00bboff\u00bb global_colors_info=\u00bb{}\u00bb]<\/p>\n<p>\ud83d\udd2c An\u00e1lisis y diagn\u00f3sticos precisos para la salud de tu mascota. \ud83d\udc3e<\/p>\n<p>&nbsp;<\/p>\n<p>[\/et_pb_blurb][\/et_pb_column][et_pb_column type=\u00bb1_5&#8243; _builder_version=\u00bb4.25.1&#8243; _module_preset=\u00bbdefault\u00bb global_colors_info=\u00bb{}\u00bb][et_pb_blurb title=\u00bbRadiograf\u00eda\u00bb use_icon=\u00bbon\u00bb font_icon=\u00bb&#xf572;||fa||900&#8243; icon_placement=\u00bbleft\u00bb image_icon_width=\u00bb50px\u00bb content_max_width=\u00bb100%\u00bb _builder_version=\u00bb4.25.1&#8243; _module_preset=\u00bbdefault\u00bb header_font=\u00bbPatua One||||||||\u00bb header_font_size=\u00bb20px\u00bb header_line_height=\u00bb1.2em\u00bb body_line_height=\u00bb1.8em\u00bb animation=\u00bboff\u00bb header_font_size_tablet=\u00bb20px\u00bb header_font_size_phone=\u00bb18px\u00bb header_font_size_last_edited=\u00bbon|desktop\u00bb global_colors_info=\u00bb{}\u00bb]<\/p>\n<p>Im\u00e1genes detalladas para un diagn\u00f3stico preciso de tu mascota. \ud83d\udc3e<\/p>\n<p>[\/et_pb_blurb][\/et_pb_column][\/et_pb_row][et_pb_row column_structure=\u00bb1_5,1_5,1_5,1_5,1_5&#8243; use_custom_gutter=\u00bbon\u00bb gutter_width=\u00bb2&#8243; module_class=\u00bbdoscolumnas\u00bb _builder_version=\u00bb4.25.1&#8243; _module_preset=\u00bbdefault\u00bb width=\u00bb90%\u00bb max_width=\u00bb90%\u00bb custom_padding=\u00bb||||false|false\u00bb locked=\u00bboff\u00bb global_colors_info=\u00bb{}\u00bb][et_pb_column type=\u00bb1_5&#8243; _builder_version=\u00bb4.25.1&#8243; _module_preset=\u00bbdefault\u00bb custom_css_main_element=\u00bbdisplay: inline-block;||max-width:50%;\u00bb global_colors_info=\u00bb{}\u00bb][et_pb_blurb title=\u00bbEcograf\u00eda\u00bb use_icon=\u00bbon\u00bb font_icon=\u00bb&#xf478;||fa||900&#8243; icon_placement=\u00bbleft\u00bb image_icon_width=\u00bb50px\u00bb content_max_width=\u00bb100%\u00bb _builder_version=\u00bb4.25.1&#8243; _module_preset=\u00bbdefault\u00bb header_font=\u00bbPatua One||||||||\u00bb header_font_size=\u00bb20px\u00bb header_line_height=\u00bb1.2em\u00bb body_line_height=\u00bb1.8em\u00bb animation=\u00bboff\u00bb header_font_size_tablet=\u00bb20px\u00bb header_font_size_phone=\u00bb18px\u00bb header_font_size_last_edited=\u00bbon|desktop\u00bb locked=\u00bboff\u00bb global_colors_info=\u00bb{}\u00bb]<\/p>\n<p>\ud83d\udda5\ufe0f Im\u00e1genes en tiempo real para evaluar la salud interna de tu mascota. \ud83d\udc3e<\/p>\n<p>&nbsp;<\/p>\n<p>[\/et_pb_blurb][\/et_pb_column][et_pb_column type=\u00bb1_5&#8243; _builder_version=\u00bb4.25.1&#8243; _module_preset=\u00bbdefault\u00bb custom_css_main_element=\u00bbdisplay: inline-block;||max-width:50%;\u00bb global_colors_info=\u00bb{}\u00bb][et_pb_blurb title=\u00bbCirug\u00eda de Tejidos Blandos\u00bb use_icon=\u00bbon\u00bb font_icon=\u00bb&#xf6d3;||fa||900&#8243; icon_placement=\u00bbleft\u00bb image_icon_width=\u00bb50px\u00bb content_max_width=\u00bb100%\u00bb _builder_version=\u00bb4.25.1&#8243; _module_preset=\u00bbdefault\u00bb header_font=\u00bbPatua One||||||||\u00bb header_font_size=\u00bb20px\u00bb header_line_height=\u00bb1.2em\u00bb body_line_height=\u00bb1.8em\u00bb animation=\u00bboff\u00bb header_font_size_tablet=\u00bb20px\u00bb header_font_size_phone=\u00bb18px\u00bb header_font_size_last_edited=\u00bbon|desktop\u00bb global_colors_info=\u00bb{}\u00bb]<\/p>\n<p>\ud83d\udd2a Procedimientos especializados para el tratamiento y recuperaci\u00f3n de tu mascota. \ud83d\udc3e<\/p>\n<p>[\/et_pb_blurb][\/et_pb_column][et_pb_column type=\u00bb1_5&#8243; _builder_version=\u00bb4.25.1&#8243; _module_preset=\u00bbdefault\u00bb custom_css_main_element=\u00bbdisplay: inline-block;||max-width:50%;\u00bb global_colors_info=\u00bb{}\u00bb][et_pb_blurb title=\u00bbCirug\u00eda Ortop\u00e9dica\u00bb use_icon=\u00bbon\u00bb font_icon=\u00bb&#xf5d7;||fa||900&#8243; icon_placement=\u00bbleft\u00bb image_icon_width=\u00bb50px\u00bb content_max_width=\u00bb100%\u00bb _builder_version=\u00bb4.25.1&#8243; _module_preset=\u00bbdefault\u00bb header_font=\u00bbPatua One||||||||\u00bb header_font_size=\u00bb20px\u00bb header_line_height=\u00bb1.2em\u00bb body_line_height=\u00bb1.8em\u00bb min_height=\u00bb111.3px\u00bb animation=\u00bboff\u00bb header_font_size_tablet=\u00bb20px\u00bb header_font_size_phone=\u00bb18px\u00bb header_font_size_last_edited=\u00bbon|desktop\u00bb locked=\u00bboff\u00bb global_colors_info=\u00bb{}\u00bb]<\/p>\n<p>\ud83e\uddb4 Reparaci\u00f3n y tratamiento de huesos y articulaciones para una mejor movilidad. \ud83d\udc3e<\/p>\n<p>&nbsp;<\/p>\n<p>[\/et_pb_blurb][\/et_pb_column][et_pb_column type=\u00bb1_5&#8243; _builder_version=\u00bb4.25.1&#8243; _module_preset=\u00bbdefault\u00bb custom_css_main_element=\u00bbdisplay: inline-block;||max-width:50%;\u00bb global_colors_info=\u00bb{}\u00bb][et_pb_blurb title=\u00bbOdontolog\u00eda\u00bb use_icon=\u00bbon\u00bb font_icon=\u00bb&#xf5c9;||fa||900&#8243; icon_placement=\u00bbleft\u00bb image_icon_width=\u00bb50px\u00bb content_max_width=\u00bb100%\u00bb _builder_version=\u00bb4.25.1&#8243; _module_preset=\u00bbdefault\u00bb header_font=\u00bbPatua One||||||||\u00bb header_font_size=\u00bb20px\u00bb header_line_height=\u00bb1.2em\u00bb body_line_height=\u00bb1.8em\u00bb animation=\u00bboff\u00bb header_font_size_tablet=\u00bb20px\u00bb header_font_size_phone=\u00bb18px\u00bb header_font_size_last_edited=\u00bbon|desktop\u00bb global_colors_info=\u00bb{}\u00bb]<\/p>\n<p>\ud83e\uddb7 Cuidado dental completo para la salud bucal de tu mascota. \ud83d\udc3e<\/p>\n<p>&nbsp;<\/p>\n<p>[\/et_pb_blurb][\/et_pb_column][et_pb_column type=\u00bb1_5&#8243; _builder_version=\u00bb4.16&#8243; _module_preset=\u00bbdefault\u00bb global_colors_info=\u00bb{}\u00bb][et_pb_blurb title=\u00bbPet Shop\u00bb use_icon=\u00bbon\u00bb font_icon=\u00bb&#xe07a;||divi||400&#8243; icon_placement=\u00bbleft\u00bb image_icon_width=\u00bb50px\u00bb content_max_width=\u00bb100%\u00bb _builder_version=\u00bb4.25.1&#8243; _module_preset=\u00bbdefault\u00bb header_font=\u00bbPatua One||||||||\u00bb header_font_size=\u00bb20px\u00bb header_line_height=\u00bb1.2em\u00bb body_line_height=\u00bb1.8em\u00bb animation=\u00bboff\u00bb header_font_size_tablet=\u00bb20px\u00bb header_font_size_phone=\u00bb18px\u00bb header_font_size_last_edited=\u00bbon|desktop\u00bb locked=\u00bboff\u00bb global_colors_info=\u00bb{}\u00bb]<\/p>\n<p><span>Todo lo que necesitas para consentir a tu mascota. \ud83d\udc3e\ud83d\udc36\ud83d\udc31\u00a0<\/span><\/p>\n<p>[\/et_pb_blurb][\/et_pb_column][\/et_pb_row][et_pb_row use_custom_gutter=\u00bbon\u00bb gutter_width=\u00bb1&#8243; make_equal=\u00bbon\u00bb _builder_version=\u00bb4.25.1&#8243; _module_preset=\u00bbdefault\u00bb width=\u00bb90%\u00bb max_width=\u00bb90%\u00bb global_colors_info=\u00bb{}\u00bb][et_pb_column type=\u00bb4_4&#8243; _builder_version=\u00bb4.17.3&#8243; _module_preset=\u00bbdefault\u00bb global_colors_info=\u00bb{}\u00bb][et_pb_gallery gallery_ids=\u00bb58,59,60,61,62,63,64,65,66&#8243; show_title_and_caption=\u00bboff\u00bb zoom_icon_color=\u00bb#0db195&#8243; hover_overlay_color=\u00bbrgba(0,0,0,0.39)\u00bb hover_icon=\u00bb&#x2e;||divi||400&#8243; hover_overlay_color_last_edited=\u00bboff|desktop\u00bb _builder_version=\u00bb4.25.1&#8243; _module_preset=\u00bbdefault\u00bb border_radii_image=\u00bbon|7px|7px|7px|7px\u00bb global_colors_info=\u00bb{}\u00bb][\/et_pb_gallery][\/et_pb_column][\/et_pb_row][\/et_pb_section][et_pb_section fb_built=\u00bb1&#8243; admin_label=\u00bbCall to Action\u00bb _builder_version=\u00bb4.16&#8243; _module_preset=\u00bbdefault\u00bb custom_padding=\u00bb0px||0px||true|\u00bb global_colors_info=\u00bb{}\u00bb][et_pb_row column_structure=\u00bb1_2,1_4,1_4&#8243; use_custom_gutter=\u00bbon\u00bb gutter_width=\u00bb1&#8243; make_equal=\u00bbon\u00bb _builder_version=\u00bb4.25.1&#8243; _module_preset=\u00bbdefault\u00bb width=\u00bb100%\u00bb max_width=\u00bbnone\u00bb custom_padding=\u00bb0px||0px||true|\u00bb hover_enabled=\u00bb0&#8243; global_colors_info=\u00bb{}\u00bb sticky_enabled=\u00bb0&#8243;][et_pb_column type=\u00bb1_2&#8243; _builder_version=\u00bb4.16&#8243; _module_preset=\u00bbdefault\u00bb hover_enabled=\u00bb0&#8243; global_colors_info=\u00bb{}\u00bb sticky_enabled=\u00bb0&#8243;][et_pb_image src=\u00bbhttps:\/\/clinicaveterinariabogota.co\/wp-content\/uploads\/2024\/07\/Diseno-sin-titulo-9.jpg\u00bb title_text=\u00bbDise\u00f1o sin t\u00edtulo (9)\u00bb force_fullwidth=\u00bbon\u00bb _builder_version=\u00bb4.25.1&#8243; _module_preset=\u00bbdefault\u00bb hover_enabled=\u00bb0&#8243; border_radii=\u00bbon|10px|10px|10px|10px\u00bb global_colors_info=\u00bb{}\u00bb sticky_enabled=\u00bb0&#8243;][\/et_pb_image][\/et_pb_column][et_pb_column type=\u00bb1_4&#8243; _builder_version=\u00bb4.16&#8243; _module_preset=\u00bbdefault\u00bb background_enable_color=\u00bboff\u00bb custom_padding=\u00bb6%|2%|6%|2%|true|true\u00bb custom_padding_tablet=\u00bb||||false|true\u00bb custom_padding_phone=\u00bb30px|10%|30px|10%|true|true\u00bb custom_padding_last_edited=\u00bbon|phone\u00bb global_colors_info=\u00bb{}\u00bb][et_pb_text _builder_version=\u00bb4.17.3&#8243; _module_preset=\u00bbdefault\u00bb header_2_font=\u00bbPatua One||||||||\u00bb header_2_font_size=\u00bb5vw\u00bb header_2_line_height=\u00bb1.2em\u00bb header_2_font_size_tablet=\u00bb8vw\u00bb header_2_font_size_phone=\u00bb10vw\u00bb header_2_font_size_last_edited=\u00bbon|tablet\u00bb global_colors_info=\u00bb{}\u00bb]<\/p>\n<h2>Clientes Felices<\/h2>\n<p>[\/et_pb_text][\/et_pb_column][et_pb_column type=\u00bb1_4&#8243; _builder_version=\u00bb4.25.1&#8243; _module_preset=\u00bbdefault\u00bb background_image=\u00bbhttps:\/\/clinicaveterinariabogota.co\/wp-content\/uploads\/2022\/06\/dog-grooming_25.jpg\u00bb parallax=\u00bbon\u00bb custom_padding=\u00bb100px|40px|100px|40px|true|true\u00bb custom_padding_tablet=\u00bb50px|0px|50px|0px|true|true\u00bb custom_padding_phone=\u00bb30px|0px|30px|0px|true|true\u00bb custom_padding_last_edited=\u00bbon|phone\u00bb border_radii=\u00bbon|10px|10px|10px|10px\u00bb global_colors_info=\u00bb{}\u00bb][et_pb_divider show_divider=\u00bboff\u00bb _builder_version=\u00bb4.16&#8243; _module_preset=\u00bbdefault\u00bb min_height_tablet=\u00bb60vw\u00bb min_height_phone=\u00bb60vw\u00bb min_height_last_edited=\u00bbon|phone\u00bb locked=\u00bboff\u00bb global_colors_info=\u00bb{}\u00bb][\/et_pb_divider][\/et_pb_column][\/et_pb_row][\/et_pb_section][et_pb_section fb_built=\u00bb1&#8243; custom_padding_last_edited=\u00bbon|phone\u00bb admin_label=\u00bbLists\u00bb _builder_version=\u00bb4.16&#8243; _module_preset=\u00bbdefault\u00bb background_color=\u00bb#f8f4f1&#8243; custom_padding=\u00bb20px||18px|||\u00bb custom_padding_tablet=\u00bb50px||50px||true|false\u00bb custom_padding_phone=\u00bb0px||0px||true|false\u00bb global_colors_info=\u00bb{}\u00bb][\/et_pb_section][et_pb_section fb_built=\u00bb1&#8243; custom_padding_last_edited=\u00bbon|phone\u00bb admin_label=\u00bbCall to Action\u00bb _builder_version=\u00bb4.16&#8243; _module_preset=\u00bbdefault\u00bb background_color=\u00bb#242424&#8243; use_background_color_gradient=\u00bbon\u00bb background_color_gradient_stops=\u00bbrgba(0,0,0,0.45) 0%|rgba(0,0,0,0.86) 100%\u00bb background_color_gradient_overlays_image=\u00bbon\u00bb background_color_gradient_start=\u00bbrgba(0,0,0,0.45)\u00bb background_color_gradient_end=\u00bbrgba(0,0,0,0.86)\u00bb background_image=\u00bbhttps:\/\/clinicaveterinariabogota.co\/wp-content\/uploads\/2022\/06\/dog-grooming_26.jpg\u00bb custom_padding=\u00bb120px||120px||true|false\u00bb custom_padding_tablet=\u00bb60px||60px||true|false\u00bb custom_padding_phone=\u00bb0px||0px||true|false\u00bb global_colors_info=\u00bb{}\u00bb][et_pb_row _builder_version=\u00bb4.16&#8243; _module_preset=\u00bbdefault\u00bb max_width=\u00bbnone\u00bb global_colors_info=\u00bb{}\u00bb][et_pb_column type=\u00bb4_4&#8243; _builder_version=\u00bb4.16&#8243; _module_preset=\u00bbdefault\u00bb global_colors_info=\u00bb{}\u00bb][et_pb_image src=\u00bbhttps:\/\/clinicaveterinariabogota.co\/wp-content\/uploads\/2022\/06\/dog-grooming_05.png\u00bb title_text=\u00bbdog-grooming_05&#8243; _builder_version=\u00bb4.16&#8243; _module_preset=\u00bbdefault\u00bb positioning=\u00bbabsolute\u00bb vertical_offset=\u00bb-111px\u00bb z_index=\u00bb1&#8243; vertical_offset_tablet=\u00bb0px\u00bb vertical_offset_phone=\u00bb\u00bb vertical_offset_last_edited=\u00bbon|phone\u00bb max_width=\u00bb30%\u00bb scroll_vertical_motion_enable=\u00bbon\u00bb scroll_vertical_motion=\u00bb0|50|50|100|0.5|0|-0.5&#8243; scroll_rotating_enable=\u00bbon\u00bb scroll_rotating=\u00bb0|50|50|100|5\u00b0|0|-5\u00b0\u00bb global_colors_info=\u00bb{}\u00bb][\/et_pb_image][et_pb_text _builder_version=\u00bb4.17.3&#8243; _module_preset=\u00bbdefault\u00bb header_2_font=\u00bbPatua One||||||||\u00bb header_2_font_size=\u00bb12vw\u00bb text_orientation=\u00bbcenter\u00bb background_layout=\u00bbdark\u00bb header_2_font_size_tablet=\u00bb50px\u00bb header_2_font_size_phone=\u00bb30px\u00bb header_2_font_size_last_edited=\u00bboff|desktop\u00bb global_colors_info=\u00bb{}\u00bb]<\/p>\n<h2>Productos<\/h2>\n<p>[\/et_pb_text][et_pb_text _builder_version=\u00bb4.17.3&#8243; _module_preset=\u00bbdefault\u00bb text_text_color=\u00bbrgba(255,255,255,0.7)\u00bb text_font_size=\u00bb16px\u00bb text_line_height=\u00bb1.8em\u00bb text_orientation=\u00bbcenter\u00bb background_layout=\u00bbdark\u00bb max_width=\u00bb700px\u00bb module_alignment=\u00bbcenter\u00bb text_font_size_tablet=\u00bb\u00bb text_font_size_phone=\u00bb14px\u00bb text_font_size_last_edited=\u00bbon|desktop\u00bb locked=\u00bboff\u00bb global_colors_info=\u00bb{}\u00bb]<\/p>\n<p>Conoce nuestros productos<\/p>\n<p>[\/et_pb_text][et_pb_button button_text=\u00bbIr a la tienda\u00bb button_alignment=\u00bbcenter\u00bb _builder_version=\u00bb4.17.3&#8243; _module_preset=\u00bbdefault\u00bb custom_button=\u00bbon\u00bb button_text_size=\u00bb14px\u00bb button_text_color=\u00bb#ffffff\u00bb button_bg_color=\u00bb#dec098&#8243; button_border_width=\u00bb0px\u00bb button_border_radius=\u00bb0px\u00bb button_letter_spacing=\u00bb4px\u00bb button_font=\u00bb|700||on|||||\u00bb custom_padding=\u00bb20px|60px|20px|60px|true|true\u00bb locked=\u00bboff\u00bb global_colors_info=\u00bb{}\u00bb][\/et_pb_button][\/et_pb_column][\/et_pb_row][\/et_pb_section]<\/p>\n","protected":false},"excerpt":{"rendered":"<p>Cl\u00ednica Veterinaria Bogot\u00e1Desde hace 20 a\u00f1os nos hemos dedicado a cuidar a las mascotas. Previniendo, tratando y curando las enfermedades, mejorando su calidad de vida y proporcionando bienestar a sus propietarios.Nuestros Servicios\ud83e\ude7a Evaluaci\u00f3n completa de tu mascota por veterinarios expertos. \ud83d\udc3e\ud83c\udfe5 Cuidado integral y monitoreo constante para tu mascota. \ud83d\udc36\ud83d\udc31\ud83d\ude91 Atenci\u00f3n intensiva y cuidados especializados [&hellip;]<\/p>\n","protected":false},"author":2,"featured_media":0,"parent":0,"menu_order":0,"comment_status":"closed","ping_status":"closed","template":"","meta":{"_et_pb_use_builder":"on","_et_pb_old_content":"","_et_gb_content_width":"","footnotes":""},"class_list":["post-10","page","type-page","status-publish","hentry"],"_links":{"self":[{"href":"https:\/\/clinicaveterinariabogota.co\/index.php?rest_route=\/wp\/v2\/pages\/10","targetHints":{"allow":["GET"]}}],"collection":[{"href":"https:\/\/clinicaveterinariabogota.co\/index.php?rest_route=\/wp\/v2\/pages"}],"about":[{"href":"https:\/\/clinicaveterinariabogota.co\/index.php?rest_route=\/wp\/v2\/types\/page"}],"author":[{"embeddable":true,"href":"https:\/\/clinicaveterinariabogota.co\/index.php?rest_route=\/wp\/v2\/users\/2"}],"replies":[{"embeddable":true,"href":"https:\/\/clinicaveterinariabogota.co\/index.php?rest_route=%2Fwp%2Fv2%2Fcomments&post=10"}],"version-history":[{"count":34,"href":"https:\/\/clinicaveterinariabogota.co\/index.php?rest_route=\/wp\/v2\/pages\/10\/revisions"}],"predecessor-version":[{"id":148,"href":"https:\/\/clinicaveterinariabogota.co\/index.php?rest_route=\/wp\/v2\/pages\/10\/revisions\/148"}],"wp:attachment":[{"href":"https:\/\/clinicaveterinariabogota.co\/index.php?rest_route=%2Fwp%2Fv2%2Fmedia&parent=10"}],"curies":[{"name":"wp","href":"https:\/\/api.w.org\/{rel}","templated":true}]}}